{"id":79,"date":"2020-12-07T17:13:01","date_gmt":"2020-12-07T16:13:01","guid":{"rendered":"http:\/\/parafiaszyk.pl\/?page_id=79"},"modified":"2023-10-07T20:43:14","modified_gmt":"2023-10-07T19:43:14","slug":"kancelaria","status":"publish","type":"page","link":"https:\/\/parafiaszyk.pl\/index.php\/kancelaria\/","title":{"rendered":"Kancelaria"},"content":{"rendered":"\n<p><strong>Kancelaria parafialna czynna w \u015brody po wieczornym nabo\u017ce\u0144stwie.<br>Narzeczeni \u2013 pi\u0105tek po wieczornym nabo\u017ce\u0144stwie.<br>W sprawach pilnych \u2013 o ka\u017cdej porze.<\/strong><\/p>\n","protected":false},"excerpt":{"rendered":"<p>Kancelaria parafialna czynna w \u015brody po wieczornym nabo\u017ce\u0144stwie.Narzeczeni \u2013 pi\u0105tek po wieczornym nabo\u017ce\u0144stwie.W sprawach pilnych \u2013 o ka\u017cdej porze.<\/p>\n","protected":false},"author":1,"featured_media":0,"parent":0,"menu_order":5,"comment_status":"closed","ping_status":"closed","template":"","meta":{"footnotes":"","_links_to":"","_links_to_target":""},"class_list":["entry","page","publish","author-admin","post-79"],"_links":{"self":[{"href":"https:\/\/parafiaszyk.pl\/index.php\/wp-json\/wp\/v2\/pages\/79","targetHints":{"allow":["GET"]}}],"collection":[{"href":"https:\/\/parafiaszyk.pl\/index.php\/wp-json\/wp\/v2\/pages"}],"about":[{"href":"https:\/\/parafiaszyk.pl\/index.php\/wp-json\/wp\/v2\/types\/page"}],"author":[{"embeddable":true,"href":"https:\/\/parafiaszyk.pl\/index.php\/wp-json\/wp\/v2\/users\/1"}],"replies":[{"embeddable":true,"href":"https:\/\/parafiaszyk.pl\/index.php\/wp-json\/wp\/v2\/comments?post=79"}],"version-history":[{"count":0,"href":"https:\/\/parafiaszyk.pl\/index.php\/wp-json\/wp\/v2\/pages\/79\/revisions"}],"wp:attachment":[{"href":"https:\/\/parafiaszyk.pl\/index.php\/wp-json\/wp\/v2\/media?parent=79"}],"curies":[{"name":"wp","href":"https:\/\/api.w.org\/{rel}","templated":true}]}}