{"id":77,"date":"2020-12-07T17:12:42","date_gmt":"2020-12-07T16:12:42","guid":{"rendered":"http:\/\/parafiaszyk.pl\/?page_id=77"},"modified":"2023-10-07T20:43:40","modified_gmt":"2023-10-07T19:43:40","slug":"msze-sw","status":"publish","type":"page","link":"https:\/\/parafiaszyk.pl\/index.php\/msze-sw\/","title":{"rendered":"Msze \u015bw."},"content":{"rendered":"\n<div class=\"wp-block-group\"><div class=\"wp-block-group__inner-container is-layout-flow wp-block-group-is-layout-flow\">\n<figure class=\"wp-block-table is-style-stripes\"><table><tbody><tr><td><strong>Niedziele i \u015bwi\u0119ta<\/strong><\/td><td><\/td><td><\/td><td><strong>08:00, 11:00, 15:00<\/strong><\/td><\/tr><tr><td><strong>Dni powszednie<\/strong><\/td><td><\/td><td><\/td><td><strong>07.00, w \u015brody i pi\u0105tki o godz. 18.00 (zim\u0105 o 17.00)<\/strong><\/td><\/tr><tr><td><strong>Odpust parafialny<\/strong><\/td><td><\/td><td><\/td><td><strong>Niedziela przed lub po 4 grudnia<\/strong><\/td><\/tr><\/tbody><\/table><\/figure>\n\n\n\n<p><\/p>\n<\/div><\/div>\n\n\n\n<p><\/p>\n","protected":false},"excerpt":{"rendered":"<p>Niedziele i \u015bwi\u0119ta 08:00, 11:00, 15:00 Dni powszednie 07.00, w \u015brody i pi\u0105tki o godz. 18.00 (zim\u0105 o 17.00) Odpust parafialny Niedziela przed lub po 4 grudnia<\/p>\n","protected":false},"author":1,"featured_media":0,"parent":0,"menu_order":8,"comment_status":"closed","ping_status":"closed","template":"","meta":{"footnotes":"","_links_to":"","_links_to_target":""},"class_list":["entry","page","publish","author-admin","post-77"],"_links":{"self":[{"href":"https:\/\/parafiaszyk.pl\/index.php\/wp-json\/wp\/v2\/pages\/77","targetHints":{"allow":["GET"]}}],"collection":[{"href":"https:\/\/parafiaszyk.pl\/index.php\/wp-json\/wp\/v2\/pages"}],"about":[{"href":"https:\/\/parafiaszyk.pl\/index.php\/wp-json\/wp\/v2\/types\/page"}],"author":[{"embeddable":true,"href":"https:\/\/parafiaszyk.pl\/index.php\/wp-json\/wp\/v2\/users\/1"}],"replies":[{"embeddable":true,"href":"https:\/\/parafiaszyk.pl\/index.php\/wp-json\/wp\/v2\/comments?post=77"}],"version-history":[{"count":0,"href":"https:\/\/parafiaszyk.pl\/index.php\/wp-json\/wp\/v2\/pages\/77\/revisions"}],"wp:attachment":[{"href":"https:\/\/parafiaszyk.pl\/index.php\/wp-json\/wp\/v2\/media?parent=77"}],"curies":[{"name":"wp","href":"https:\/\/api.w.org\/{rel}","templated":true}]}}