{"id":75,"date":"2020-12-07T17:12:17","date_gmt":"2020-12-07T16:12:17","guid":{"rendered":"http:\/\/parafiaszyk.pl\/?page_id=75"},"modified":"2023-10-07T20:43:47","modified_gmt":"2023-10-07T19:43:47","slug":"kosciol-2","status":"publish","type":"page","link":"https:\/\/parafiaszyk.pl\/index.php\/kosciol-2\/","title":{"rendered":"Ko\u015bci\u00f3\u0142"},"content":{"rendered":"\n<p><strong>\u00a0\u00a0\u00a0<\/strong><img decoding=\"async\" class=\"wp-image-13\" style=\"width: 600px;\" src=\"https:\/\/parafiaszyk.pl\/wp-content\/uploads\/2020\/12\/kosciol.jpg\" alt=\"\"><strong> <\/strong><\/p>\n\n\n\n<p><strong>Parafia w Szyku powsta\u0142a w XIV w. Obecny ko\u015bci\u00f3\u0142 zbudowany zosta\u0142 w 1633 r., z wykorzystaniem element\u00f3w pochodz\u0105cych z wcze\u015bniejszej \u015bwi\u0105tyni z 1. po\u0142owy XVI w.<\/strong><\/p>\n\n\n\n<p><strong>&nbsp;&nbsp;&nbsp;&nbsp; Drewniany, wzniesiony w konstrukcji zr\u0119bowej z wie\u017c\u0105 o konstrukcji s\u0142upowej, oszalowany i kryty gontem. Z\u0142o\u017cony z nawy i w\u0119\u017cszego prezbiterium zamkni\u0119tego tr\u00f3jbocznie, przy kt\u00f3rym od p\u00f3\u0142nocy dostawiona jest zakrystia. Od frontu do nawy przylega izbicowa wie\u017ca o pochy\u0142ych \u015bcianach, nakryta daszkiem namiotowym. Wie\u017ca w g\u00f3rnej cz\u0119\u015bci nie przylega do \u015bciany nawy. Prezbiterium i nawa nakryte s\u0105 wsp\u00f3lnym dachem jednokalenicowym z barokow\u0105 wie\u017cyczk\u0105 na sygnaturk\u0119. Wewn\u0105trz ko\u015bci\u00f3\u0142 nakryty jest stropami p\u0142askimi z zaskrzynieniami w nawie. T\u0119cza prostok\u0105tna, profilowana. Ch\u00f3r muzyczny wsparty na dw\u00f3ch s\u0142upach. W wej\u015bciu z wie\u017cy do nawy g\u0142\u00f3wnej oraz w dw\u00f3ch wej\u015bciach po bokach wie\u017cy znajduj\u0105 si\u0119 portale zamkni\u0119te \u0142ukami w tzw. \u201eo\u015bli grzbiet\u201d.<\/strong><\/p>\n\n\n\n<p><strong>&nbsp;&nbsp;&nbsp;&nbsp; Ods\u0142oni\u0119te zosta\u0142y pozosta\u0142o\u015bci renesansowej polichromii z XVI w., najwi\u0119kszy fragment zachowa\u0142 si\u0119 na p\u00f3\u0142nocnej \u015bcianie prezbiterium i przedstawia on scen\u0119 z \u017cycia \u015bw. Stanis\u0142awa.&nbsp;<br>&nbsp;&nbsp;&nbsp;&nbsp; O\u0142tarz g\u0142\u00f3wny rokokowy z 2. po\u0142owy XVIII w. z bramkami i ustawionymi nad nimi rze\u017abami \u015b\u015b. Piotra i Paw\u0142a. W polu \u015brodkowym umieszczony jest malowany na desce p\u00f3\u017anogotycki obraz z 1. po\u0142owy XVI w. Przedstawia on Matk\u0119 Bo\u017c\u0105 z Dzieci\u0105tkiem w promienistej mandorli oraz Tr\u00f3jc\u0119 \u015awi\u0119t\u0105 w rzadkim typie \u201ePietas Domini\u201d, czyli B\u00f3g Ojciec z martwym Chrystusem na kolanach. Obraz ten jest dzie\u0142em anonimowego malarza, zwanego jako&nbsp;<a href=\"http:\/\/www.tarnowskiekoscioly.net\/index.php?option=com_content&amp;view=article&amp;id=293:mistrz-tryptyku-z-szyku&amp;catid=3:biogramy&amp;Itemid=7\"><em>Mistrz Tryptyku z Szyku<\/em><\/a>. i stanowi\u0142 dawniej cz\u0119\u015b\u0107 \u015brodkow\u0105 tryptyku. Na zasuwie znajduje si\u0119 barokowy obraz \u015bw. Barbary z 2. po\u0142owy XVII w. a w zwie\u0144czeniu obraz b\u0142. Salomei z XVIII w.<\/strong><\/p>\n\n\n\n<p><strong>&nbsp;&nbsp;&nbsp;&nbsp; Dwa o\u0142tarze boczne rokokowe z 2. po\u0142owy XVIII w. z barokowymi obrazami: w lewym \u015bw. Wojciecha w polu \u015brodkowym i \u015bw. Apolonii w zwie\u0144czeniu, w prawym \u015bw. J\u00f3zefa z XIX w. w polu \u015brodkowym i \u015bw. Kingi w zwie\u0144czeniu.&nbsp;&nbsp;&nbsp;&nbsp;<\/strong><\/p>\n\n\n\n<p><strong>&nbsp;&nbsp;&nbsp;&nbsp;&nbsp; Chrzcielnica kamienna, renesansowa z 1585 r. z herbem P\u00f3\u0142kozic i inicja\u0142ami M D B C.<\/strong><\/p>\n\n\n\n<p><strong>&nbsp;&nbsp;&nbsp;&nbsp; Ambona rokokowa z 2. po\u0142owy XVIII w. Organy 6-g\u0142osowe wykonane przez&nbsp;<a href=\"http:\/\/www.tarnowskiekoscioly.net\/index.php?option=com_content&amp;view=article&amp;id=272:fall-tomasz&amp;catid=3:biogramy&amp;Itemid=7\"><em>Tomasza Falla<\/em><\/a>&nbsp;w 1912 r.<\/strong><\/p>\n\n\n\n<p><strong>&nbsp;&nbsp;&nbsp;&nbsp; Trzy dzwony: 1. z 1765 r., odlany w 1765 r. przez&nbsp;<em>Kaspra Kramnitza<\/em>&nbsp;z Krompachu; 2. z 1928 r., wykonany w&nbsp;<a href=\"http:\/\/www.tarnowskiekoscioly.net\/index.php?option=com_content&amp;view=article&amp;id=273:felczyskich-odlewnia&amp;catid=3:biogramy&amp;Itemid=7\"><em>Odlewni dzwon\u00f3w Felczy\u0144skich<\/em><\/a>&nbsp;w Przemy\u015blu; 3. sygnaturka nieustalonego pochodzenia.<\/strong><\/p>\n","protected":false},"excerpt":{"rendered":"<p>\u00a0\u00a0\u00a0 Parafia w Szyku powsta\u0142a w XIV w. Obecny ko\u015bci\u00f3\u0142 zbudowany zosta\u0142 w 1633 r., z wykorzystaniem element\u00f3w pochodz\u0105cych z wcze\u015bniejszej \u015bwi\u0105tyni z 1. po\u0142owy XVI w. &nbsp;&nbsp;&nbsp;&nbsp; Drewniany, wzniesiony w konstrukcji zr\u0119bowej z wie\u017c\u0105 o konstrukcji s\u0142upowej, oszalowany i kryty gontem. Z\u0142o\u017cony z nawy i w\u0119\u017cszego prezbiterium zamkni\u0119tego tr\u00f3jbocznie, przy kt\u00f3rym od p\u00f3\u0142nocy dostawiona &#8230; <span class=\"more\"><a class=\"more-link\" href=\"https:\/\/parafiaszyk.pl\/index.php\/kosciol-2\/\">[Read more&#8230;]<\/a><\/span><\/p>\n","protected":false},"author":1,"featured_media":0,"parent":0,"menu_order":9,"comment_status":"closed","ping_status":"closed","template":"","meta":{"footnotes":"","_links_to":"","_links_to_target":""},"class_list":["entry","page","publish","author-admin","post-75"],"_links":{"self":[{"href":"https:\/\/parafiaszyk.pl\/index.php\/wp-json\/wp\/v2\/pages\/75","targetHints":{"allow":["GET"]}}],"collection":[{"href":"https:\/\/parafiaszyk.pl\/index.php\/wp-json\/wp\/v2\/pages"}],"about":[{"href":"https:\/\/parafiaszyk.pl\/index.php\/wp-json\/wp\/v2\/types\/page"}],"author":[{"embeddable":true,"href":"https:\/\/parafiaszyk.pl\/index.php\/wp-json\/wp\/v2\/users\/1"}],"replies":[{"embeddable":true,"href":"https:\/\/parafiaszyk.pl\/index.php\/wp-json\/wp\/v2\/comments?post=75"}],"version-history":[{"count":0,"href":"https:\/\/parafiaszyk.pl\/index.php\/wp-json\/wp\/v2\/pages\/75\/revisions"}],"wp:attachment":[{"href":"https:\/\/parafiaszyk.pl\/index.php\/wp-json\/wp\/v2\/media?parent=75"}],"curies":[{"name":"wp","href":"https:\/\/api.w.org\/{rel}","templated":true}]}}